{"id":26,"date":"2026-03-31T07:43:26","date_gmt":"2026-03-31T07:43:26","guid":{"rendered":"https:\/\/197vip22.net\/?page_id=26"},"modified":"2026-03-31T08:27:22","modified_gmt":"2026-03-31T08:27:22","slug":"trang-chu","status":"publish","type":"page","link":"https:\/\/197vip22.net\/","title":{"rendered":"Trang ch\u1ee7"},"content":{"rendered":"<div class=\"row row-collapse row-full-width\"  id=\"row-276962976\">\n\n\t<div id=\"col-1358067961\" class=\"col medium-4 large-4\"  >\n\t\t\t\t<div class=\"col-inner\"  >\n\t\t\t\n\t\t\t\n\t<div class=\"img has-hover x md-x lg-x y md-y lg-y\" id=\"image_1142835280\">\n\t\t<a class=\"\" href=\"https:\/\/197vip22.net\/qc\/1\" target=\"_blank\" rel=\"noopener\" >\t\t\t\t\t\t<div class=\"img-inner dark\" >\n\t\t\t<img loading=\"lazy\" decoding=\"async\" width=\"710\" height=\"320\" src=\"https:\/\/197vip22.net\/wp-content\/uploads\/2026\/03\/197vip-vqmm.avif\" class=\"attachment-original size-original\" alt=\"197vip22\" srcset=\"https:\/\/197vip22.net\/wp-content\/uploads\/2026\/03\/197vip-vqmm.avif 710w, https:\/\/197vip22.net\/wp-content\/uploads\/2026\/03\/197vip-vqmm-300x135.avif 300w\" sizes=\"auto, (max-width: 710px) 100vw, 710px\" \/>\t\t\t\t\t\t\n\t\t\t\t\t<\/div>\n\t\t\t\t\t\t<\/a>\t\t\n<style>\n#image_1142835280 {\n  width: 100%;\n}\n<\/style>\n\t<\/div>\n\t\n\t\t<\/div>\n\t\t\t\t\t<\/div>\n\n\t\n\n\t<div id=\"col-1781791664\" class=\"col medium-4 large-4\"  >\n\t\t\t\t<div class=\"col-inner\"  >\n\t\t\t\n\t\t\t\n\t<div class=\"img has-hover x md-x lg-x y md-y lg-y\" id=\"image_1612007446\">\n\t\t<a class=\"\" href=\"https:\/\/197vip22.net\/qc\/1\" target=\"_blank\" rel=\"noopener\" >\t\t\t\t\t\t<div class=\"img-inner dark\" >\n\t\t\t<img loading=\"lazy\" decoding=\"async\" width=\"710\" height=\"320\" src=\"https:\/\/197vip22.net\/wp-content\/uploads\/2026\/03\/197vip-thuong.avif\" class=\"attachment-original size-original\" alt=\"197vip22\" srcset=\"https:\/\/197vip22.net\/wp-content\/uploads\/2026\/03\/197vip-thuong.avif 710w, https:\/\/197vip22.net\/wp-content\/uploads\/2026\/03\/197vip-thuong-300x135.avif 300w\" sizes=\"auto, (max-width: 710px) 100vw, 710px\" \/>\t\t\t\t\t\t\n\t\t\t\t\t<\/div>\n\t\t\t\t\t\t<\/a>\t\t\n<style>\n#image_1612007446 {\n  width: 100%;\n}\n<\/style>\n\t<\/div>\n\t\n\t\t<\/div>\n\t\t\t\t\t<\/div>\n\n\t\n\n\t<div id=\"col-27515800\" class=\"col medium-4 large-4\"  >\n\t\t\t\t<div class=\"col-inner\"  >\n\t\t\t\n\t\t\t\n\t<div class=\"img has-hover x md-x lg-x y md-y lg-y\" id=\"image_1811174893\">\n\t\t<a class=\"\" href=\"https:\/\/197vip22.net\/qc\/1\" target=\"_blank\" rel=\"noopener\" >\t\t\t\t\t\t<div class=\"img-inner dark\" >\n\t\t\t<img loading=\"lazy\" decoding=\"async\" width=\"710\" height=\"320\" src=\"https:\/\/197vip22.net\/wp-content\/uploads\/2026\/03\/197vip-vip.avif\" class=\"attachment-original size-original\" alt=\"197vip22\" srcset=\"https:\/\/197vip22.net\/wp-content\/uploads\/2026\/03\/197vip-vip.avif 710w, https:\/\/197vip22.net\/wp-content\/uploads\/2026\/03\/197vip-vip-300x135.avif 300w\" sizes=\"auto, (max-width: 710px) 100vw, 710px\" \/>\t\t\t\t\t\t\n\t\t\t\t\t<\/div>\n\t\t\t\t\t\t<\/a>\t\t\n<style>\n#image_1811174893 {\n  width: 100%;\n}\n<\/style>\n\t<\/div>\n\t\n\t\t<\/div>\n\t\t\t\t\t<\/div>\n\n\t\n<\/div>\n<div class=\"row\"  id=\"row-2127654251\">\n\n\t<div id=\"col-1288075578\" class=\"col medium-3 small-6 large-3\"  >\n\t\t\t\t<div class=\"col-inner\"  >\n\t\t\t\n\t\t\t\n\t<div class=\"img has-hover x md-x lg-x y md-y lg-y\" id=\"image_628635937\">\n\t\t<a class=\"\" href=\"https:\/\/197vip22.net\/qc\/1\" target=\"_blank\" rel=\"noopener\" >\t\t\t\t\t\t<div class=\"img-inner dark\" >\n\t\t\t<img loading=\"lazy\" decoding=\"async\" width=\"450\" height=\"280\" src=\"https:\/\/197vip22.net\/wp-content\/uploads\/2026\/03\/banner-thuong-hieu-uy-tin.webp\" class=\"attachment-original size-original\" alt=\"197vip22\" srcset=\"https:\/\/197vip22.net\/wp-content\/uploads\/2026\/03\/banner-thuong-hieu-uy-tin.webp 450w, https:\/\/197vip22.net\/wp-content\/uploads\/2026\/03\/banner-thuong-hieu-uy-tin-300x187.webp 300w\" sizes=\"auto, (max-width: 450px) 100vw, 450px\" \/>\t\t\t\t\t\t\n\t\t\t\t\t<\/div>\n\t\t\t\t\t\t<\/a>\t\t\n<style>\n#image_628635937 {\n  width: 100%;\n}\n<\/style>\n\t<\/div>\n\t\n\t\t<\/div>\n\t\t\t\t\t<\/div>\n\n\t\n\n\t<div id=\"col-719872334\" class=\"col medium-3 small-6 large-3\"  >\n\t\t\t\t<div class=\"col-inner\"  >\n\t\t\t\n\t\t\t\n\t<div class=\"img has-hover x md-x lg-x y md-y lg-y\" id=\"image_1051005180\">\n\t\t<a class=\"\" href=\"https:\/\/197vip22.net\/qc\/1\" target=\"_blank\" rel=\"noopener\" >\t\t\t\t\t\t<div class=\"img-inner dark\" >\n\t\t\t<img loading=\"lazy\" decoding=\"async\" width=\"450\" height=\"280\" src=\"https:\/\/197vip22.net\/wp-content\/uploads\/2026\/03\/banner-an-toan-bao-mat.webp\" class=\"attachment-original size-original\" alt=\"197vip22\" srcset=\"https:\/\/197vip22.net\/wp-content\/uploads\/2026\/03\/banner-an-toan-bao-mat.webp 450w, https:\/\/197vip22.net\/wp-content\/uploads\/2026\/03\/banner-an-toan-bao-mat-300x187.webp 300w\" sizes=\"auto, (max-width: 450px) 100vw, 450px\" \/>\t\t\t\t\t\t\n\t\t\t\t\t<\/div>\n\t\t\t\t\t\t<\/a>\t\t\n<style>\n#image_1051005180 {\n  width: 100%;\n}\n<\/style>\n\t<\/div>\n\t\n\t\t<\/div>\n\t\t\t\t\t<\/div>\n\n\t\n\n\t<div id=\"col-1831448287\" class=\"col medium-3 small-6 large-3\"  >\n\t\t\t\t<div class=\"col-inner\"  >\n\t\t\t\n\t\t\t\n\t<div class=\"img has-hover x md-x lg-x y md-y lg-y\" id=\"image_2073055343\">\n\t\t<a class=\"\" href=\"https:\/\/197vip22.net\/qc\/1\" target=\"_blank\" rel=\"noopener\" >\t\t\t\t\t\t<div class=\"img-inner dark\" >\n\t\t\t<img loading=\"lazy\" decoding=\"async\" width=\"450\" height=\"280\" src=\"https:\/\/197vip22.net\/wp-content\/uploads\/2026\/03\/banner-da-dang-tro-choi.webp\" class=\"attachment-original size-original\" alt=\"197vip22\" srcset=\"https:\/\/197vip22.net\/wp-content\/uploads\/2026\/03\/banner-da-dang-tro-choi.webp 450w, https:\/\/197vip22.net\/wp-content\/uploads\/2026\/03\/banner-da-dang-tro-choi-300x187.webp 300w\" sizes=\"auto, (max-width: 450px) 100vw, 450px\" \/>\t\t\t\t\t\t\n\t\t\t\t\t<\/div>\n\t\t\t\t\t\t<\/a>\t\t\n<style>\n#image_2073055343 {\n  width: 100%;\n}\n<\/style>\n\t<\/div>\n\t\n\t\t<\/div>\n\t\t\t\t\t<\/div>\n\n\t\n\n\t<div id=\"col-2006079427\" class=\"col medium-3 small-6 large-3\"  >\n\t\t\t\t<div class=\"col-inner\"  >\n\t\t\t\n\t\t\t\n\t<div class=\"img has-hover x md-x lg-x y md-y lg-y\" id=\"image_1203029947\">\n\t\t<a class=\"\" href=\"https:\/\/197vip22.net\/qc\/1\" target=\"_blank\" rel=\"noopener\" >\t\t\t\t\t\t<div class=\"img-inner dark\" >\n\t\t\t<img loading=\"lazy\" decoding=\"async\" width=\"450\" height=\"280\" src=\"https:\/\/197vip22.net\/wp-content\/uploads\/2026\/03\/banner-giao-dich-than-toc.webp\" class=\"attachment-original size-original\" alt=\"197vip22\" srcset=\"https:\/\/197vip22.net\/wp-content\/uploads\/2026\/03\/banner-giao-dich-than-toc.webp 450w, https:\/\/197vip22.net\/wp-content\/uploads\/2026\/03\/banner-giao-dich-than-toc-300x187.webp 300w\" sizes=\"auto, (max-width: 450px) 100vw, 450px\" \/>\t\t\t\t\t\t\n\t\t\t\t\t<\/div>\n\t\t\t\t\t\t<\/a>\t\t\n<style>\n#image_1203029947 {\n  width: 100%;\n}\n<\/style>\n\t<\/div>\n\t\n\t\t<\/div>\n\t\t\t\t\t<\/div>\n\n\t\n<\/div>\n<div class=\"row\"  id=\"row-131292389\">\n\n\t<div id=\"col-1883928148\" class=\"col small-12 large-12\"  >\n\t\t\t\t<div class=\"col-inner\"  >\n\t\t\t\n\t\t\t\n\t<div id=\"text-1507907087\" class=\"text\">\n\t\t\n<h1 style=\"text-align: center;\"><span style=\"font-family: verdana, geneva, sans-serif;\"><strong><span style=\"color: #ff9900;\"><a style=\"color: #ff9900;\" href=\"https:\/\/dating19788-66.197120389.vip\/\" target=\"_blank\" rel=\"noopener\">197vip22<\/a> | Link Ch\u00ednh Th\u1ee9c Truy C\u1eadp Nh\u00e0 C\u00e1i 197.vip +888k<\/span><\/strong><\/span><\/h1>\n<div class=\"Y3BBE\" data-sfc-cp=\"\" data-sfc-root=\"c\" data-sfc-cb=\"\" data-hveid=\"CAEIBBAA\" data-complete=\"true\" data-processed=\"true\"><span style=\"font-family: verdana, geneva, sans-serif;\"><span style=\"color: #ff9900;\"><a style=\"color: #ff9900;\" href=\"https:\/\/197vip22.net\/\"><strong class=\"Yjhzub\" data-sfc-root=\"c\" data-sfc-cb=\"\" data-complete=\"true\" data-processed=\"true\">197VIP22<\/strong> <\/a><\/span>t\u1ef1 h\u00e0o l\u00e0 th\u01b0\u01a1ng hi\u1ec7u nh\u00e0 c\u00e1i tr\u1ef1c tuy\u1ebfn uy t\u00edn b\u1eadc nh\u1ea5t, v\u1eadn h\u00e0nh tr\u00ean n\u1ec1n t\u1ea3ng gi\u1ea3i tr\u00ed s\u1ed1 t\u00e2n ti\u1ebfn c\u1ee7a n\u0103m 2026. V\u1edbi s\u1ee9 m\u1ec7nh \u0111\u00e1p \u1ee9ng tr\u1ecdn v\u1eb9n nhu c\u1ea7u c\u1ee7a c\u1ed9ng \u0111\u1ed3ng bettor t\u1ea1i Vi\u1ec7t Nam v\u00e0 khu v\u1ef1c Ch\u00e2u \u00c1, 197VIP22 \u0111\u00e3 kh\u1eb3ng \u0111\u1ecbnh v\u1ecb th\u1ebf v\u1eefng ch\u1eafc nh\u1edd h\u1ec7 th\u1ed1ng v\u1eadn h\u00e0nh minh b\u1ea1ch, c\u01a1 ch\u1ebf ki\u1ec3m so\u00e1t r\u1ee7i ro ch\u1eb7t ch\u1ebd v\u00e0 s\u1edf h\u1eefu \u0111\u1ea7y \u0111\u1ee7 c\u00e1c gi\u1ea5y ph\u00e9p c\u00e1 c\u01b0\u1ee3c qu\u1ed1c t\u1ebf h\u1ee3p l\u1ec7.<\/span><\/div>\n<div data-sfc-cp=\"\" data-sfc-root=\"c\" data-sfc-cb=\"\" data-hveid=\"CAEIBBAA\" data-complete=\"true\" data-processed=\"true\">\u00a0<\/div>\n<div class=\"Y3BBE\" data-sfc-cp=\"\" data-sfc-root=\"c\" data-sfc-cb=\"\" data-hveid=\"CAEIBRAA\" data-complete=\"true\" data-processed=\"true\"><span style=\"font-family: verdana, geneva, sans-serif;\">Th\u1ea5u hi\u1ec3u t\u1ea7m quan tr\u1ecdng c\u1ee7a an ninh m\u1ea1ng, 197VIP22 tu\u00e2n th\u1ee7 nghi\u00eam ng\u1eb7t c\u00e1c ti\u00eau chu\u1ea9n qu\u1ed1c t\u1ebf v\u1ec1 qu\u1ea3n l\u00fd t\u00e0i ch\u00ednh v\u00e0 b\u1ea3o m\u1eadt d\u1eef li\u1ec7u. N\u1ec1n t\u1ea3ng \u0111\u01b0\u1ee3c t\u00edch h\u1ee3p c\u00f4ng ngh\u1ec7 m\u00e3 h\u00f3a SSL 256-bit t\u1ed1i t\u00e2n c\u00f9ng h\u1ec7 th\u1ed1ng gi\u00e1m s\u00e1t giao d\u1ecbch t\u1ef1 \u0111\u1ed9ng 24\/7. \u0110i\u1ec1u n\u00e0y kh\u00f4ng ch\u1ec9 b\u1ea3o v\u1ec7 th\u00f4ng tin c\u00e1 nh\u00e2n m\u00e0 c\u00f2n \u0111\u1ea3m b\u1ea3o m\u1ecdi thao t\u00e1c t\u1eeb \u0111\u0103ng nh\u1eadp, n\u1ea1p \u2013 r\u00fat ti\u1ec1n \u0111\u1ebfn \u0111\u1eb7t c\u01b0\u1ee3c \u0111\u1ec1u di\u1ec5n ra si\u00eau t\u1ed1c, an to\u00e0n v\u00e0 minh b\u1ea1ch tuy\u1ec7t \u0111\u1ed1i.<\/span><\/div>\n<div data-sfc-cp=\"\" data-sfc-root=\"c\" data-sfc-cb=\"\" data-hveid=\"CAEIBRAA\" data-complete=\"true\" data-processed=\"true\">\u00a0<\/div>\n<div class=\"Y3BBE\" data-sfc-cp=\"\" data-sfc-root=\"c\" data-sfc-cb=\"\" data-hveid=\"CAEIBhAA\" data-complete=\"true\" data-processed=\"true\"><span style=\"font-family: verdana, geneva, sans-serif;\">M\u1ed9t trong nh\u1eefng tr\u1ee5 c\u1ed9t l\u00e0m n\u00ean danh ti\u1ebfng c\u1ee7a 197VIP22 ch\u00ednh l\u00e0 d\u1ecbch v\u1ee5 ch\u0103m s\u00f3c kh\u00e1ch h\u00e0ng t\u1eadn t\u00e2m. \u0110\u1ed9i ng\u0169 h\u1ed7 tr\u1ee3 \u0111a ng\u00f4n ng\u1eef lu\u00f4n t\u00fac tr\u1ef1c 24\/7 th\u00f4ng qua c\u00e1c k\u00eanh Live Chat, Telegram v\u00e0 Hotline, s\u1eb5n s\u00e0ng x\u1eed l\u00fd m\u1ecdi y\u00eau c\u1ea7u t\u1eeb \u0111\u0103ng k\u00fd, x\u00e1c minh t\u00e0i kho\u1ea3n \u0111\u1ebfn c\u00e1c h\u1ed7 tr\u1ee3 k\u1ef9 thu\u1eadt ph\u1ee9c t\u1ea1p nh\u1ea5t v\u1edbi th\u00e1i \u0111\u1ed9 chuy\u00ean nghi\u1ec7p nh\u1ea5t.<\/span><\/div>\n<div data-sfc-cp=\"\" data-sfc-root=\"c\" data-sfc-cb=\"\" data-hveid=\"CAEIBhAA\" data-complete=\"true\" data-processed=\"true\">\u00a0<\/div>\n<div class=\"Y3BBE\" data-sfc-cp=\"\" data-sfc-root=\"c\" data-sfc-cb=\"\" data-hveid=\"CAEIBxAA\" data-processed=\"true\" data-complete=\"true\" aria-owns=\"action-menu-parent-container\"><span style=\"font-family: verdana, geneva, sans-serif;\">Kh\u00f4ng ch\u1ec9 d\u1eebng l\u1ea1i \u1edf s\u1ef1 uy t\u00edn, 197VIP22 c\u00f2n \u0111\u01b0\u1ee3c m\u1ec7nh danh l\u00e0 \u201cthi\u00ean \u0111\u01b0\u1eddng\u201d c\u1ee7a nh\u1eefng \u01b0u \u0111\u00e3i c\u1ea1nh tranh. Ngay khi tham gia, th\u00e0nh vi\u00ean m\u1edbi s\u1ebd nh\u1eadn ngay g\u00f3i kh\u1edfi nghi\u1ec7p tr\u1ecb gi\u00e1 si\u00eau l\u1edbn<strong class=\"Yjhzub\" data-sfc-root=\"c\" data-sfc-cb=\"\" data-complete=\"true\" data-processed=\"true\">\u00a0mi\u1ec5n ph\u00ed<\/strong>. B\u00ean c\u1ea1nh \u0111\u00f3, c\u00e1c h\u1ed9i vi\u00ean th\u00e2n thi\u1ebft c\u00f2n \u0111\u01b0\u1ee3c t\u1eadn h\u01b0\u1edfng ch\u00ednh s\u00e1ch ho\u00e0n tr\u1ea3 c\u01b0\u1ee3c cao, \u0111\u1eb7c quy\u1ec1n VIP c\u00e1 nh\u00e2n h\u00f3a v\u00e0 h\u00e0ng lo\u1ea1t s\u1ef1 ki\u1ec7n tri \u00e2n gi\u00e1 tr\u1ecb \u0111\u01b0\u1ee3c t\u1ed5 ch\u1ee9c \u0111\u1ecbnh k\u1ef3 h\u00e0ng th\u00e1ng.<\/span><\/div>\n\t\t\n<style>\n#text-1507907087 {\n  color: rgb(0,0,0);\n}\n#text-1507907087 > * {\n  color: rgb(0,0,0);\n}\n<\/style>\n\t<\/div>\n\t\n\t\t<\/div>\n\t\t\t\t\t<\/div>\n\n\t\n<\/div>\n<div class=\"row\"  id=\"row-1460953562\">\n\n\t<div id=\"col-737238611\" class=\"col medium-6 small-12 large-6\"  >\n\t\t\t\t<div class=\"col-inner text-center\"  >\n\t\t\t\n\t\t\t\n<a href=\"https:\/\/197vip22.net\/qc\/1\" target=\"_blank\" class=\"button primary is-bevel is-larger box-shadow-2 box-shadow-3-hover expand btn-signup\" rel=\"noopener\" style=\"border-radius:99px;\">\n\t\t<span>\u0110\u0103ng k\u00fd NGAY<\/span>\n\t<\/a>\n\n\t\t<\/div>\n\t\t\t\t\t<\/div>\n\n\t\n\n\t<div id=\"col-1608702430\" class=\"col medium-6 small-12 large-6\"  >\n\t\t\t\t<div class=\"col-inner text-center\"  >\n\t\t\t\n\t\t\t\n<a href=\"https:\/\/197vip22.net\/qc\/1\" target=\"_blank\" class=\"button primary is-bevel is-larger box-shadow-2 box-shadow-3-hover expand btn-help\" rel=\"noopener\" style=\"border-radius:99px;\">\n\t\t<span>\u0110\u0102NG NH\u1eacP<\/span>\n\t<\/a>\n\n\t\t<\/div>\n\t\t\t\t\t<\/div>\n\n\t\n<\/div>\n","protected":false},"excerpt":{"rendered":"","protected":false},"author":1,"featured_media":6,"parent":0,"menu_order":0,"comment_status":"closed","ping_status":"closed","template":"","meta":{"footnotes":""},"class_list":["post-26","page","type-page","status-publish","has-post-thumbnail","hentry"],"_links":{"self":[{"href":"https:\/\/197vip22.net\/index.php?rest_route=\/wp\/v2\/pages\/26","targetHints":{"allow":["GET"]}}],"collection":[{"href":"https:\/\/197vip22.net\/index.php?rest_route=\/wp\/v2\/pages"}],"about":[{"href":"https:\/\/197vip22.net\/index.php?rest_route=\/wp\/v2\/types\/page"}],"author":[{"embeddable":true,"href":"https:\/\/197vip22.net\/index.php?rest_route=\/wp\/v2\/users\/1"}],"replies":[{"embeddable":true,"href":"https:\/\/197vip22.net\/index.php?rest_route=%2Fwp%2Fv2%2Fcomments&post=26"}],"version-history":[{"count":9,"href":"https:\/\/197vip22.net\/index.php?rest_route=\/wp\/v2\/pages\/26\/revisions"}],"predecessor-version":[{"id":56,"href":"https:\/\/197vip22.net\/index.php?rest_route=\/wp\/v2\/pages\/26\/revisions\/56"}],"wp:featuredmedia":[{"embeddable":true,"href":"https:\/\/197vip22.net\/index.php?rest_route=\/wp\/v2\/media\/6"}],"wp:attachment":[{"href":"https:\/\/197vip22.net\/index.php?rest_route=%2Fwp%2Fv2%2Fmedia&parent=26"}],"curies":[{"name":"wp","href":"https:\/\/api.w.org\/{rel}","templated":true}]}}